{"id":612,"date":"2023-04-10T20:19:19","date_gmt":"2023-04-10T19:19:19","guid":{"rendered":"https:\/\/chipmenu.es\/?page_id=612"},"modified":"2026-03-13T12:14:31","modified_gmt":"2026-03-13T11:14:31","slug":"inicio","status":"publish","type":"page","link":"https:\/\/tajhalal.chipmenu.es\/en\/","title":{"rendered":"Inicio"},"content":{"rendered":"<div data-elementor-type=\"wp-page\" data-elementor-id=\"612\" class=\"elementor elementor-612\" data-elementor-post-type=\"page\">\n\t\t\t\t<div class=\"elementor-element elementor-element-2ecdcb1 e-con-full e-flex e-con e-parent\" data-id=\"2ecdcb1\" data-element_type=\"container\" data-e-type=\"container\">\n\t\t\t\t<div class=\"elementor-element elementor-element-a45690b elementor--h-position-left lolo-slider elementor--v-position-middle elementor-pagination-position-inside elementor-widget elementor-widget-slides\" data-id=\"a45690b\" data-element_type=\"widget\" data-e-type=\"widget\" data-settings=\"{&quot;navigation&quot;:&quot;dots&quot;,&quot;autoplay&quot;:&quot;yes&quot;,&quot;pause_on_hover&quot;:&quot;yes&quot;,&quot;pause_on_interaction&quot;:&quot;yes&quot;,&quot;autoplay_speed&quot;:5000,&quot;infinite&quot;:&quot;yes&quot;,&quot;transition&quot;:&quot;slide&quot;,&quot;transition_speed&quot;:500}\" data-widget_type=\"slides.default\">\n\t\t\t\t\t\t\t\t\t\t<div class=\"elementor-slides-wrapper elementor-main-swiper swiper\" role=\"region\" aria-roledescription=\"carousel\" aria-label=\"Diapositivas\" dir=\"ltr\" data-animation=\"fadeInUp\">\n\t\t\t\t<div class=\"swiper-wrapper elementor-slides\">\n\t\t\t\t\t\t\t\t\t\t<div class=\"elementor-repeater-item-7e42fb6 swiper-slide\" role=\"group\" aria-roledescription=\"slide\"><div class=\"swiper-slide-bg elementor-ken-burns elementor-ken-burns--in\" role=\"img\" aria-label=\"Sistema de cartas digitales inteligente para restaurantes y hosteler\u00eda\"><\/div><a class=\"swiper-slide-inner\" href=\"\/en\/demo\/\"><div class=\"swiper-slide-contents\"><h2 class=\"elementor-slide-heading\">Sistema inteligente de cartas digitales <br>para restaurantes y hosteler\u00eda<\/h2><div class=\"elementor-slide-description\">Con filtro de al\u00e9rgenos. Totalmente gestionables por el propietario,<br> de forma f\u00e1cil e intuitiva. <\/div><div  class=\"elementor-button elementor-slide-button elementor-size-md\">Ver demostraci\u00f3n<\/div><\/div><\/a><\/div><div class=\"elementor-repeater-item-5232c8b swiper-slide\" role=\"group\" aria-roledescription=\"slide\"><div class=\"swiper-slide-bg elementor-ken-burns elementor-ken-burns--in\" role=\"img\" aria-label=\"ChipMenu - Cartas Digitales Especializadas e Inteligentes con filtro de al\u00e9rgenos para restaurantes y hosteler\u00eda\"><\/div><a class=\"swiper-slide-inner\" href=\"\/en\/demo\/\"><div class=\"swiper-slide-contents\"><h2 class=\"elementor-slide-heading\">Tus comensales con alergias o intolerancias lo agradecer\u00e1n<\/h2><div class=\"elementor-slide-description\">El cliente puede personalizar su men\u00fa o carta digital eliminando de la carta aquellos al\u00e9rgenos que no puede  comer.<\/div><div  class=\"elementor-button elementor-slide-button elementor-size-md\">Ver demostraci\u00f3n<\/div><\/div><\/a><\/div>\t\t\t\t<\/div>\n\t\t\t\t\t\t\t\t\t\t\t\t\t\t\t\t\t\t\t\t<div class=\"swiper-pagination\"><\/div>\n\t\t\t\t\t\t\t\t\t\t\t\t<\/div>\n\t\t\t\t\t\t\t\t<\/div>\n\t\t\t\t<\/div>\n\t\t<div class=\"elementor-element elementor-element-5335e5f e-flex e-con-boxed e-con e-parent\" data-id=\"5335e5f\" data-element_type=\"container\" data-e-type=\"container\">\n\t\t\t\t\t<div class=\"e-con-inner\">\n\t\t<div class=\"elementor-element elementor-element-3f2625a e-con-full e-flex e-con e-child\" data-id=\"3f2625a\" data-element_type=\"container\" data-e-type=\"container\">\n\t\t\t\t<div class=\"elementor-element elementor-element-53c4585 elementor-widget elementor-widget-text-editor\" data-id=\"53c4585\" data-element_type=\"widget\" data-e-type=\"widget\" data-widget_type=\"text-editor.default\">\n\t\t\t\t\t\t\t\t\t<p>Descubre <strong>ChipMen\u00fa<\/strong>, nuestra soluci\u00f3n l\u00edder en Cartas Digitales Especializadas e Inteligentes dise\u00f1ada para revolucionar la experiencia gastron\u00f3mica de tus comensales.\u00a0<\/p><p>Con filtro de al\u00e9rgenos, adaptado a m\u00f3viles, gesti\u00f3n sencilla e intuitiva y actualizadas en tiempo real.<\/p><p>ChipMen\u00fa no es solo una herramienta digital, es la clave para ofrecer a tus clientes una experiencia culinaria personalizada y segura.<\/p>\t\t\t\t\t\t\t\t<\/div>\n\t\t\t\t<\/div>\n\t\t<div class=\"elementor-element elementor-element-7e9bcad e-con-full e-flex e-con e-child\" data-id=\"7e9bcad\" data-element_type=\"container\" data-e-type=\"container\">\n\t\t\t\t<div class=\"elementor-element elementor-element-7ee8e55 elementor-invisible elementor-widget elementor-widget-image\" data-id=\"7ee8e55\" data-element_type=\"widget\" data-e-type=\"widget\" data-settings=\"{&quot;motion_fx_motion_fx_mouse&quot;:&quot;yes&quot;,&quot;motion_fx_tilt_effect&quot;:&quot;yes&quot;,&quot;motion_fx_tilt_speed&quot;:{&quot;unit&quot;:&quot;px&quot;,&quot;size&quot;:1,&quot;sizes&quot;:[]},&quot;_animation&quot;:&quot;fadeInRight&quot;}\" data-widget_type=\"image.default\">\n\t\t\t\t\t\t\t\t\t\t\t\t\t\t\t<img fetchpriority=\"high\" decoding=\"async\" width=\"2000\" height=\"1333\" src=\"https:\/\/tajhalal.chipmenu.es\/wp-content\/uploads\/2026\/03\/ChipMenu-Para-tecnologia-NFC-o-QR.webp\" class=\"attachment-full size-full wp-image-1227\" alt=\"\" srcset=\"https:\/\/tajhalal.chipmenu.es\/wp-content\/uploads\/2026\/03\/ChipMenu-Para-tecnologia-NFC-o-QR.webp 2000w, https:\/\/tajhalal.chipmenu.es\/wp-content\/uploads\/2026\/03\/ChipMenu-Para-tecnologia-NFC-o-QR-300x200.webp 300w, https:\/\/tajhalal.chipmenu.es\/wp-content\/uploads\/2026\/03\/ChipMenu-Para-tecnologia-NFC-o-QR-1024x682.webp 1024w, https:\/\/tajhalal.chipmenu.es\/wp-content\/uploads\/2026\/03\/ChipMenu-Para-tecnologia-NFC-o-QR-768x512.webp 768w, https:\/\/tajhalal.chipmenu.es\/wp-content\/uploads\/2026\/03\/ChipMenu-Para-tecnologia-NFC-o-QR-1536x1024.webp 1536w\" sizes=\"(max-width: 2000px) 100vw, 2000px\" \/>\t\t\t\t\t\t\t\t\t\t\t\t\t\t\t<\/div>\n\t\t\t\t<\/div>\n\t\t\t\t\t<\/div>\n\t\t\t\t<\/div>\n\t\t\t\t<section class=\"elementor-section elementor-top-section elementor-element elementor-element-0609b0f elementor-section-boxed elementor-section-height-default elementor-section-height-default\" data-id=\"0609b0f\" data-element_type=\"section\" data-e-type=\"section\" data-settings=\"{&quot;background_background&quot;:&quot;classic&quot;}\">\n\t\t\t\t\t\t<div class=\"elementor-container elementor-column-gap-default\">\n\t\t\t\t\t<div class=\"elementor-column elementor-col-100 elementor-top-column elementor-element elementor-element-4115d19\" data-id=\"4115d19\" data-element_type=\"column\" data-e-type=\"column\">\n\t\t\t<div class=\"elementor-widget-wrap elementor-element-populated\">\n\t\t\t\t\t\t<div class=\"elementor-element elementor-element-56f114c elementor-widget elementor-widget-spacer\" data-id=\"56f114c\" data-element_type=\"widget\" data-e-type=\"widget\" data-widget_type=\"spacer.default\">\n\t\t\t\t\t\t\t<div class=\"elementor-spacer\">\n\t\t\t<div class=\"elementor-spacer-inner\"><\/div>\n\t\t<\/div>\n\t\t\t\t\t\t<\/div>\n\t\t\t\t<div class=\"elementor-element elementor-element-01d0bc0 elementor-widget elementor-widget-heading\" data-id=\"01d0bc0\" data-element_type=\"widget\" data-e-type=\"widget\" data-widget_type=\"heading.default\">\n\t\t\t\t\t<h2 class=\"elementor-heading-title elementor-size-large\">Caracter\u00edsticas Destacadas:<\/h2>\t\t\t\t<\/div>\n\t\t\t\t<div class=\"elementor-element elementor-element-931be03 elementor-widget elementor-widget-text-editor\" data-id=\"931be03\" data-element_type=\"widget\" data-e-type=\"widget\" data-widget_type=\"text-editor.default\">\n\t\t\t\t\t\t\t\t\t<ol><li><strong>Filtro de Al\u00e9rgenos Intuitivo:<\/strong> ChipMen\u00fa cuenta con un filtro de al\u00e9rgenos avanzado que permite a los comensales seleccionar sus restricciones diet\u00e9ticas. Los platos que contienen ingredientes alerg\u00e9nicos seleccionados se ocultan autom\u00e1ticamente, brindando tranquilidad a aquellos con necesidades alimentarias espec\u00edficas.<\/li><li><strong>Interfaz de Usuario Intuitiva:<\/strong> Disfruta de una experiencia de usuario fluida y f\u00e1cil navegaci\u00f3n con ChipMen\u00fa. Las Cartas Digitales Especializadas e Inteligentes se presentan de manera atractiva y ahora, adem\u00e1s, pueden incluir fotograf\u00edas de alta calidad de cada plato.<\/li><li><strong>Adaptabilidad a Dispositivos M\u00f3viles:<\/strong> ChipMen\u00fa se adapta perfectamente a dispositivos m\u00f3viles, permitiendo a los comensales explorar el men\u00fa de manera c\u00f3moda y sencilla desde sus smartphones o tablets.<\/li><li><strong>Integraci\u00f3n Sencilla con tu Sitio Web:<\/strong> ChipMen\u00fa se integra de forma sencilla con la p\u00e1gina web de tu restaurante. Sin cambios dr\u00e1sticos en la estructura de la p\u00e1gina, garantizamos una transici\u00f3n sin problemas y una experiencia coherente para tus clientes.<\/li><li><strong>Informaci\u00f3n Detallada sobre Ingredientes:<\/strong> Cada plato en ChipMen\u00fa incluye informaci\u00f3n detallada sobre los ingredientes utilizados, permitiendo a los comensales tomar decisiones informadas basadas en sus preferencias y restricciones diet\u00e9ticas.<\/li><li><strong>Diversas Tarifas y Presentaciones:<\/strong> Con ChipMen\u00fa, ahora puedes agregar varias tarifas para cada plato, como raci\u00f3n, media raci\u00f3n o tapa. Adem\u00e1s, la opci\u00f3n de incluir fotograf\u00edas permite una presentaci\u00f3n visual atractiva de tus deliciosos platos.<\/li><li><strong>Actualizaciones en Tiempo Real:<\/strong> Mant\u00e9n tus Cartas Digitales Especializadas e Inteligentes siempre actualizadas con ChipMen\u00fa. Realiza cambios estacionales, a\u00f1ade nuevas delicias al men\u00fa o ajusta recetas, y los clientes acceder\u00e1n a informaci\u00f3n precisa y actualizada en tiempo real.<\/li><\/ol>\t\t\t\t\t\t\t\t<\/div>\n\t\t\t\t<div class=\"elementor-element elementor-element-4604a97 elementor-widget elementor-widget-spacer\" data-id=\"4604a97\" data-element_type=\"widget\" data-e-type=\"widget\" data-widget_type=\"spacer.default\">\n\t\t\t\t\t\t\t<div class=\"elementor-spacer\">\n\t\t\t<div class=\"elementor-spacer-inner\"><\/div>\n\t\t<\/div>\n\t\t\t\t\t\t<\/div>\n\t\t\t\t\t<\/div>\n\t\t<\/div>\n\t\t\t\t\t<\/div>\n\t\t<\/section>\n\t\t\t\t<section class=\"elementor-section elementor-top-section elementor-element elementor-element-81394d3 elementor-section-boxed elementor-section-height-default elementor-section-height-default\" data-id=\"81394d3\" data-element_type=\"section\" data-e-type=\"section\">\n\t\t\t\t\t\t<div class=\"elementor-container elementor-column-gap-default\">\n\t\t\t\t\t<div class=\"elementor-column elementor-col-100 elementor-top-column elementor-element elementor-element-d02796a\" data-id=\"d02796a\" data-element_type=\"column\" data-e-type=\"column\">\n\t\t\t<div class=\"elementor-widget-wrap elementor-element-populated\">\n\t\t\t\t\t\t<div class=\"elementor-element elementor-element-c433272 elementor-widget elementor-widget-spacer\" data-id=\"c433272\" data-element_type=\"widget\" data-e-type=\"widget\" data-widget_type=\"spacer.default\">\n\t\t\t\t\t\t\t<div class=\"elementor-spacer\">\n\t\t\t<div class=\"elementor-spacer-inner\"><\/div>\n\t\t<\/div>\n\t\t\t\t\t\t<\/div>\n\t\t\t\t<div class=\"elementor-element elementor-element-e9b65ff elementor-widget elementor-widget-heading\" data-id=\"e9b65ff\" data-element_type=\"widget\" data-e-type=\"widget\" data-widget_type=\"heading.default\">\n\t\t\t\t\t<h2 class=\"elementor-heading-title elementor-size-large\">Beneficios para tu Restaurante:<\/h2>\t\t\t\t<\/div>\n\t\t\t\t<div class=\"elementor-element elementor-element-d94b5fe elementor-widget elementor-widget-text-editor\" data-id=\"d94b5fe\" data-element_type=\"widget\" data-e-type=\"widget\" data-widget_type=\"text-editor.default\">\n\t\t\t\t\t\t\t\t\t<ul><li><strong>Satisfacci\u00f3n del Cliente:<\/strong> ChipMen\u00fa brinda tranquilidad a tus clientes, permiti\u00e9ndoles disfrutar de una experiencia culinaria sin preocupaciones por alergias alimentarias.<\/li><li><strong>Diferenciaci\u00f3n Competitiva:<\/strong> Destaca en el mercado ofreciendo ChipMen\u00fa, Cartas Digitales Especializadas e Inteligentes, un servicio innovador y centrado en las necesidades espec\u00edficas de tus clientes.<\/li><li><strong>Aumento de Reservas:<\/strong> Atrae a un p\u00fablico m\u00e1s amplio al proporcionar una experiencia gastron\u00f3mica inclusiva y adaptada a las preferencias individuales.<\/li><\/ul><p>\u00a0<\/p><p>Con ChipMen\u00fa, transforma la forma en que tus clientes exploran y disfrutan de tu oferta culinaria, ofreciendo una experiencia completa con informaci\u00f3n visual y opciones de tarifas variadas.<\/p>\t\t\t\t\t\t\t\t<\/div>\n\t\t\t\t<div class=\"elementor-element elementor-element-66be30a elementor-widget elementor-widget-heading\" data-id=\"66be30a\" data-element_type=\"widget\" data-e-type=\"widget\" data-widget_type=\"heading.default\">\n\t\t\t\t\t<p class=\"elementor-heading-title elementor-size-medium\">Muy pronto m\u00e1s informaci\u00f3n<\/p>\t\t\t\t<\/div>\n\t\t\t\t<div class=\"elementor-element elementor-element-b8fac60 elementor-align-center elementor-widget elementor-widget-lottie\" data-id=\"b8fac60\" data-element_type=\"widget\" data-e-type=\"widget\" data-settings=\"{&quot;source_json&quot;:{&quot;url&quot;:&quot;https:\\\/\\\/tajhalal.chipmenu.es\\\/wp-content\\\/uploads\\\/2022\\\/11\\\/68692-qr-code-scanner.json&quot;,&quot;id&quot;:59,&quot;size&quot;:&quot;&quot;,&quot;alt&quot;:&quot;&quot;,&quot;source&quot;:&quot;library&quot;},&quot;loop&quot;:&quot;yes&quot;,&quot;source&quot;:&quot;media_file&quot;,&quot;caption_source&quot;:&quot;none&quot;,&quot;link_to&quot;:&quot;none&quot;,&quot;trigger&quot;:&quot;arriving_to_viewport&quot;,&quot;viewport&quot;:{&quot;unit&quot;:&quot;%&quot;,&quot;size&quot;:&quot;&quot;,&quot;sizes&quot;:{&quot;start&quot;:0,&quot;end&quot;:100}},&quot;play_speed&quot;:{&quot;unit&quot;:&quot;px&quot;,&quot;size&quot;:1,&quot;sizes&quot;:[]},&quot;start_point&quot;:{&quot;unit&quot;:&quot;%&quot;,&quot;size&quot;:0,&quot;sizes&quot;:[]},&quot;end_point&quot;:{&quot;unit&quot;:&quot;%&quot;,&quot;size&quot;:100,&quot;sizes&quot;:[]},&quot;renderer&quot;:&quot;svg&quot;}\" data-widget_type=\"lottie.default\">\n\t\t\t\t\t<div class=\"e-lottie__container\"><div class=\"e-lottie__animation\"><\/div><\/div>\t\t\t\t<\/div>\n\t\t\t\t\t<\/div>\n\t\t<\/div>\n\t\t\t\t\t<\/div>\n\t\t<\/section>\n\t\t<div class=\"elementor-element elementor-element-2b714be e-flex e-con-boxed e-con e-parent\" data-id=\"2b714be\" data-element_type=\"container\" data-e-type=\"container\">\n\t\t\t\t\t<div class=\"e-con-inner\">\n\t\t\t\t\t<\/div>\n\t\t\t\t<\/div>\n\t\t\t\t<\/div>","protected":false},"excerpt":{"rendered":"<p>Sistema inteligente de cartas digitales para restaurantes y hosteler\u00eda Con filtro de al\u00e9rgenos. Totalmente gestionables por el propietario, de forma f\u00e1cil e intuitiva. Ver demostraci\u00f3n Tus comensales con alergias o intolerancias lo agradecer\u00e1n El cliente puede personalizar su men\u00fa o carta digital eliminando de la carta aquellos al\u00e9rgenos que no puede comer.Ver demostraci\u00f3n Descubre ChipMen\u00fa, [&hellip;]<\/p>\n","protected":false},"author":1,"featured_media":0,"parent":0,"menu_order":0,"comment_status":"closed","ping_status":"closed","template":"elementor_header_footer","meta":{"footnotes":""},"class_list":["post-612","page","type-page","status-publish","hentry"],"yoast_head":"<!-- This site is optimized with the Yoast SEO plugin v27.4 - https:\/\/yoast.com\/product\/yoast-seo-wordpress\/ -->\n<title>Inicio - ChipMenu<\/title>\n<meta name=\"robots\" content=\"noindex, follow, max-snippet:-1, max-image-preview:large, max-video-preview:-1\" \/>\n<meta property=\"og:locale\" content=\"en_US\" \/>\n<meta property=\"og:type\" content=\"article\" \/>\n<meta property=\"og:title\" content=\"Inicio - ChipMenu\" \/>\n<meta property=\"og:description\" content=\"Sistema inteligente de cartas digitales para restaurantes y hosteler\u00eda Con filtro de al\u00e9rgenos. Totalmente gestionables por el propietario, de forma f\u00e1cil e intuitiva. Ver demostraci\u00f3n Tus comensales con alergias o intolerancias lo agradecer\u00e1n El cliente puede personalizar su men\u00fa o carta digital eliminando de la carta aquellos al\u00e9rgenos que no puede comer.Ver demostraci\u00f3n Descubre ChipMen\u00fa, [&hellip;]\" \/>\n<meta property=\"og:url\" content=\"https:\/\/tajhalal.chipmenu.es\/en\/\" \/>\n<meta property=\"og:site_name\" content=\"ChipMenu\" \/>\n<meta property=\"article:modified_time\" content=\"2026-03-13T11:14:31+00:00\" \/>\n<meta property=\"og:image\" content=\"https:\/\/tajhalal.chipmenu.es\/wp-content\/uploads\/2026\/03\/ChipMenu-Para-tecnologia-NFC-o-QR.webp\" \/>\n\t<meta property=\"og:image:width\" content=\"2000\" \/>\n\t<meta property=\"og:image:height\" content=\"1333\" \/>\n\t<meta property=\"og:image:type\" content=\"image\/webp\" \/>\n<meta name=\"twitter:card\" content=\"summary_large_image\" \/>\n<meta name=\"twitter:label1\" content=\"Est. reading time\" \/>\n\t<meta name=\"twitter:data1\" content=\"3 minutes\" \/>\n<script type=\"application\/ld+json\" class=\"yoast-schema-graph\">{\"@context\":\"https:\\\/\\\/schema.org\",\"@graph\":[{\"@type\":\"WebPage\",\"@id\":\"https:\\\/\\\/tajhalal.chipmenu.es\\\/\",\"url\":\"https:\\\/\\\/tajhalal.chipmenu.es\\\/\",\"name\":\"Inicio - ChipMenu\",\"isPartOf\":{\"@id\":\"https:\\\/\\\/tajhalal.chipmenu.es\\\/#website\"},\"primaryImageOfPage\":{\"@id\":\"https:\\\/\\\/tajhalal.chipmenu.es\\\/#primaryimage\"},\"image\":{\"@id\":\"https:\\\/\\\/tajhalal.chipmenu.es\\\/#primaryimage\"},\"thumbnailUrl\":\"https:\\\/\\\/tajhalal.chipmenu.es\\\/wp-content\\\/uploads\\\/2026\\\/03\\\/ChipMenu-Para-tecnologia-NFC-o-QR.webp\",\"datePublished\":\"2023-04-10T19:19:19+00:00\",\"dateModified\":\"2026-03-13T11:14:31+00:00\",\"breadcrumb\":{\"@id\":\"https:\\\/\\\/tajhalal.chipmenu.es\\\/#breadcrumb\"},\"inLanguage\":\"en-US\",\"potentialAction\":[{\"@type\":\"ReadAction\",\"target\":[\"https:\\\/\\\/tajhalal.chipmenu.es\\\/\"]}]},{\"@type\":\"ImageObject\",\"inLanguage\":\"en-US\",\"@id\":\"https:\\\/\\\/tajhalal.chipmenu.es\\\/#primaryimage\",\"url\":\"https:\\\/\\\/tajhalal.chipmenu.es\\\/wp-content\\\/uploads\\\/2026\\\/03\\\/ChipMenu-Para-tecnologia-NFC-o-QR.webp\",\"contentUrl\":\"https:\\\/\\\/tajhalal.chipmenu.es\\\/wp-content\\\/uploads\\\/2026\\\/03\\\/ChipMenu-Para-tecnologia-NFC-o-QR.webp\"},{\"@type\":\"BreadcrumbList\",\"@id\":\"https:\\\/\\\/tajhalal.chipmenu.es\\\/#breadcrumb\",\"itemListElement\":[{\"@type\":\"ListItem\",\"position\":1,\"name\":\"Portada\",\"item\":\"https:\\\/\\\/tajhalal.chipmenu.es\\\/\"},{\"@type\":\"ListItem\",\"position\":2,\"name\":\"Inicio\"}]},{\"@type\":\"WebSite\",\"@id\":\"https:\\\/\\\/tajhalal.chipmenu.es\\\/#website\",\"url\":\"https:\\\/\\\/tajhalal.chipmenu.es\\\/\",\"name\":\"ChipMenu\",\"description\":\"Cartas digitales para bares, restaurantes y hosteler\u00eda con filtro de al\u00e9rgenos\",\"publisher\":{\"@id\":\"https:\\\/\\\/tajhalal.chipmenu.es\\\/#organization\"},\"alternateName\":\"ChipMenu QR & NFC\",\"potentialAction\":[{\"@type\":\"SearchAction\",\"target\":{\"@type\":\"EntryPoint\",\"urlTemplate\":\"https:\\\/\\\/tajhalal.chipmenu.es\\\/?s={search_term_string}\"},\"query-input\":{\"@type\":\"PropertyValueSpecification\",\"valueRequired\":true,\"valueName\":\"search_term_string\"}}],\"inLanguage\":\"en-US\"},{\"@type\":\"Organization\",\"@id\":\"https:\\\/\\\/tajhalal.chipmenu.es\\\/#organization\",\"name\":\"ChipMenu - Cartas de Men\u00fa con C\u00f3digo QR interactivas y profesionales\",\"alternateName\":\"ChipMenu QR & NFC\",\"url\":\"https:\\\/\\\/tajhalal.chipmenu.es\\\/\",\"logo\":{\"@type\":\"ImageObject\",\"inLanguage\":\"en-US\",\"@id\":\"https:\\\/\\\/tajhalal.chipmenu.es\\\/#\\\/schema\\\/logo\\\/image\\\/\",\"url\":\"https:\\\/\\\/tajhalal.chipmenu.es\\\/wp-content\\\/uploads\\\/2022\\\/11\\\/chipmenu-favicon.svg\",\"contentUrl\":\"https:\\\/\\\/tajhalal.chipmenu.es\\\/wp-content\\\/uploads\\\/2022\\\/11\\\/chipmenu-favicon.svg\",\"width\":512,\"height\":512,\"caption\":\"ChipMenu - Cartas de Men\u00fa con C\u00f3digo QR interactivas y profesionales\"},\"image\":{\"@id\":\"https:\\\/\\\/tajhalal.chipmenu.es\\\/#\\\/schema\\\/logo\\\/image\\\/\"}}]}<\/script>\n<!-- \/ Yoast SEO plugin. -->","yoast_head_json":{"title":"Inicio - ChipMenu","robots":{"index":"noindex","follow":"follow","max-snippet":"max-snippet:-1","max-image-preview":"max-image-preview:large","max-video-preview":"max-video-preview:-1"},"og_locale":"en_US","og_type":"article","og_title":"Inicio - ChipMenu","og_description":"Sistema inteligente de cartas digitales para restaurantes y hosteler\u00eda Con filtro de al\u00e9rgenos. Totalmente gestionables por el propietario, de forma f\u00e1cil e intuitiva. Ver demostraci\u00f3n Tus comensales con alergias o intolerancias lo agradecer\u00e1n El cliente puede personalizar su men\u00fa o carta digital eliminando de la carta aquellos al\u00e9rgenos que no puede comer.Ver demostraci\u00f3n Descubre ChipMen\u00fa, [&hellip;]","og_url":"https:\/\/tajhalal.chipmenu.es\/en\/","og_site_name":"ChipMenu","article_modified_time":"2026-03-13T11:14:31+00:00","og_image":[{"width":2000,"height":1333,"url":"https:\/\/tajhalal.chipmenu.es\/wp-content\/uploads\/2026\/03\/ChipMenu-Para-tecnologia-NFC-o-QR.webp","type":"image\/webp"}],"twitter_card":"summary_large_image","twitter_misc":{"Est. reading time":"3 minutes"},"schema":{"@context":"https:\/\/schema.org","@graph":[{"@type":"WebPage","@id":"https:\/\/tajhalal.chipmenu.es\/","url":"https:\/\/tajhalal.chipmenu.es\/","name":"Inicio - ChipMenu","isPartOf":{"@id":"https:\/\/tajhalal.chipmenu.es\/#website"},"primaryImageOfPage":{"@id":"https:\/\/tajhalal.chipmenu.es\/#primaryimage"},"image":{"@id":"https:\/\/tajhalal.chipmenu.es\/#primaryimage"},"thumbnailUrl":"https:\/\/tajhalal.chipmenu.es\/wp-content\/uploads\/2026\/03\/ChipMenu-Para-tecnologia-NFC-o-QR.webp","datePublished":"2023-04-10T19:19:19+00:00","dateModified":"2026-03-13T11:14:31+00:00","breadcrumb":{"@id":"https:\/\/tajhalal.chipmenu.es\/#breadcrumb"},"inLanguage":"en-US","potentialAction":[{"@type":"ReadAction","target":["https:\/\/tajhalal.chipmenu.es\/"]}]},{"@type":"ImageObject","inLanguage":"en-US","@id":"https:\/\/tajhalal.chipmenu.es\/#primaryimage","url":"https:\/\/tajhalal.chipmenu.es\/wp-content\/uploads\/2026\/03\/ChipMenu-Para-tecnologia-NFC-o-QR.webp","contentUrl":"https:\/\/tajhalal.chipmenu.es\/wp-content\/uploads\/2026\/03\/ChipMenu-Para-tecnologia-NFC-o-QR.webp"},{"@type":"BreadcrumbList","@id":"https:\/\/tajhalal.chipmenu.es\/#breadcrumb","itemListElement":[{"@type":"ListItem","position":1,"name":"Portada","item":"https:\/\/tajhalal.chipmenu.es\/"},{"@type":"ListItem","position":2,"name":"Inicio"}]},{"@type":"WebSite","@id":"https:\/\/tajhalal.chipmenu.es\/#website","url":"https:\/\/tajhalal.chipmenu.es\/","name":"ChipMenu","description":"Cartas digitales para bares, restaurantes y hosteler\u00eda con filtro de al\u00e9rgenos","publisher":{"@id":"https:\/\/tajhalal.chipmenu.es\/#organization"},"alternateName":"ChipMenu QR & NFC","potentialAction":[{"@type":"SearchAction","target":{"@type":"EntryPoint","urlTemplate":"https:\/\/tajhalal.chipmenu.es\/?s={search_term_string}"},"query-input":{"@type":"PropertyValueSpecification","valueRequired":true,"valueName":"search_term_string"}}],"inLanguage":"en-US"},{"@type":"Organization","@id":"https:\/\/tajhalal.chipmenu.es\/#organization","name":"ChipMenu - Cartas de Men\u00fa con C\u00f3digo QR interactivas y profesionales","alternateName":"ChipMenu QR & NFC","url":"https:\/\/tajhalal.chipmenu.es\/","logo":{"@type":"ImageObject","inLanguage":"en-US","@id":"https:\/\/tajhalal.chipmenu.es\/#\/schema\/logo\/image\/","url":"https:\/\/tajhalal.chipmenu.es\/wp-content\/uploads\/2022\/11\/chipmenu-favicon.svg","contentUrl":"https:\/\/tajhalal.chipmenu.es\/wp-content\/uploads\/2022\/11\/chipmenu-favicon.svg","width":512,"height":512,"caption":"ChipMenu - Cartas de Men\u00fa con C\u00f3digo QR interactivas y profesionales"},"image":{"@id":"https:\/\/tajhalal.chipmenu.es\/#\/schema\/logo\/image\/"}}]}},"_links":{"self":[{"href":"https:\/\/tajhalal.chipmenu.es\/en\/wp-json\/wp\/v2\/pages\/612","targetHints":{"allow":["GET"]}}],"collection":[{"href":"https:\/\/tajhalal.chipmenu.es\/en\/wp-json\/wp\/v2\/pages"}],"about":[{"href":"https:\/\/tajhalal.chipmenu.es\/en\/wp-json\/wp\/v2\/types\/page"}],"author":[{"embeddable":true,"href":"https:\/\/tajhalal.chipmenu.es\/en\/wp-json\/wp\/v2\/users\/1"}],"replies":[{"embeddable":true,"href":"https:\/\/tajhalal.chipmenu.es\/en\/wp-json\/wp\/v2\/comments?post=612"}],"version-history":[{"count":5,"href":"https:\/\/tajhalal.chipmenu.es\/en\/wp-json\/wp\/v2\/pages\/612\/revisions"}],"predecessor-version":[{"id":1230,"href":"https:\/\/tajhalal.chipmenu.es\/en\/wp-json\/wp\/v2\/pages\/612\/revisions\/1230"}],"wp:attachment":[{"href":"https:\/\/tajhalal.chipmenu.es\/en\/wp-json\/wp\/v2\/media?parent=612"}],"curies":[{"name":"wp","href":"https:\/\/api.w.org\/{rel}","templated":true}]}}